{"id":187,"date":"2024-06-11T13:18:55","date_gmt":"2024-06-11T13:18:55","guid":{"rendered":"https:\/\/veronicaobrien.be\/?page_id=187"},"modified":"2025-10-29T11:19:51","modified_gmt":"2025-10-29T11:19:51","slug":"doneer","status":"publish","type":"page","link":"https:\/\/veronicaobrien.be\/it\/doneer\/","title":{"rendered":"Fattore"},"content":{"rendered":"<div data-elementor-type=\"wp-page\" data-elementor-id=\"187\" class=\"elementor elementor-187\" data-elementor-post-type=\"page\">\n\t\t\t\t\t\t<section class=\"elementor-section elementor-top-section elementor-element elementor-element-414025c elementor-section-boxed elementor-section-height-default elementor-section-height-default elementor-invisible\" data-id=\"414025c\" data-element_type=\"section\" data-e-type=\"section\" data-settings=\"{&quot;background_background&quot;:&quot;classic&quot;,&quot;animation&quot;:&quot;fadeIn&quot;}\">\n\t\t\t\t\t\t\t<div class=\"elementor-background-overlay\"><\/div>\n\t\t\t\t\t\t\t<div class=\"elementor-container elementor-column-gap-default\">\n\t\t\t\t\t<div class=\"elementor-column elementor-col-100 elementor-top-column elementor-element elementor-element-4429814\" data-id=\"4429814\" data-element_type=\"column\" data-e-type=\"column\">\n\t\t\t<div class=\"elementor-widget-wrap elementor-element-populated\">\n\t\t\t\t\t\t<div class=\"elementor-element elementor-element-898d053 elementor-widget elementor-widget-text-editor\" data-id=\"898d053\" data-element_type=\"widget\" data-e-type=\"widget\" data-widget_type=\"text-editor.default\">\n\t\t\t\t<div class=\"elementor-widget-container\">\n\t\t\t\t\t\t\t\t\t<p>Siamo seminatori della Buona Novella<\/p>\t\t\t\t\t\t\t\t<\/div>\n\t\t\t\t<\/div>\n\t\t\t\t\t<\/div>\n\t\t<\/div>\n\t\t\t\t\t<\/div>\n\t\t<\/section>\n\t\t\t\t<section class=\"elementor-section elementor-top-section elementor-element elementor-element-371bdbc2 elementor-section-boxed elementor-section-height-default elementor-section-height-default\" data-id=\"371bdbc2\" data-element_type=\"section\" data-e-type=\"section\" data-settings=\"{&quot;background_background&quot;:&quot;classic&quot;}\">\n\t\t\t\t\t\t<div class=\"elementor-container elementor-column-gap-default\">\n\t\t\t\t\t<div class=\"elementor-column elementor-col-100 elementor-top-column elementor-element elementor-element-12634070\" data-id=\"12634070\" data-element_type=\"column\" data-e-type=\"column\" data-settings=\"{&quot;background_background&quot;:&quot;classic&quot;,&quot;animation&quot;:&quot;none&quot;}\">\n\t\t\t<div class=\"elementor-widget-wrap elementor-element-populated\">\n\t\t\t\t\t\t<div class=\"elementor-element elementor-element-36dbcb14 elementor-invisible elementor-widget elementor-widget-heading\" data-id=\"36dbcb14\" data-element_type=\"widget\" data-e-type=\"widget\" data-settings=\"{&quot;_animation&quot;:&quot;fadeInUp&quot;,&quot;_animation_mobile&quot;:&quot;fadeIn&quot;}\" data-widget_type=\"heading.default\">\n\t\t\t\t<div class=\"elementor-widget-container\">\n\t\t\t\t\t<h2 class=\"elementor-heading-title elementor-size-default\">Effettuare una donazione<\/h2>\t\t\t\t<\/div>\n\t\t\t\t<\/div>\n\t\t\t\t<div class=\"elementor-element elementor-element-398de67e elementor-widget__width-initial elementor-invisible elementor-widget elementor-widget-text-editor\" data-id=\"398de67e\" data-element_type=\"widget\" data-e-type=\"widget\" data-settings=\"{&quot;_animation&quot;:&quot;fadeInUp&quot;,&quot;_animation_mobile&quot;:&quot;fadeIn&quot;}\" data-widget_type=\"text-editor.default\">\n\t\t\t\t<div class=\"elementor-widget-container\">\n\t\t\t\t\t\t\t\t\t<p>\u00ab\u00a0Qualunque sia l'offerta che ti prepari a presentare a Dio, non dimenticare di affidarla a Maria, affinch\u00e9 la grazia risalga al suo donatore per lo stesso canale che l'ha portata\u00a0\u00bb <em>(San Bernardo, XII secolo).<\/em><\/p><p><em>\u00a0<\/em><\/p><p>Accogliamo con gratitudine ogni aiuto finanziario. Di seguito le coordinate bancarie: IBAN: BE15 0011 7774 7930 \u2013 BIC: GEBABEBB<\/p>\t\t\t\t\t\t\t\t<\/div>\n\t\t\t\t<\/div>\n\t\t\t\t\t<\/div>\n\t\t<\/div>\n\t\t\t\t\t<\/div>\n\t\t<\/section>\n\t\t\t\t<\/div>","protected":false},"excerpt":{"rendered":"<p>Soyons des semeurs de la Bonne Nouvelle Faire un don \u00ab\u00a0Quelle que soit l\u2019offrande que tu te disposes \u00e0 pr\u00e9senter \u00e0 Dieu, n\u2019oublie pas de la confier \u00e0 Marie, afin que la gr\u00e2ce remonte \u00e0 son donateur par le m\u00eame canal qui l\u2019a apport\u00e9e\u00a0\u00bb (St Bernard, 12\u00e8me si\u00e8cle). \u00a0 Nous accueillons tout geste d\u2019aide financi\u00e8re [&hellip;]<\/p>\n","protected":false},"author":1,"featured_media":0,"parent":0,"menu_order":0,"comment_status":"closed","ping_status":"closed","template":"","meta":{"footnotes":""},"class_list":["post-187","page","type-page","status-publish","hentry"],"_links":{"self":[{"href":"https:\/\/veronicaobrien.be\/it\/wp-json\/wp\/v2\/pages\/187","targetHints":{"allow":["GET"]}}],"collection":[{"href":"https:\/\/veronicaobrien.be\/it\/wp-json\/wp\/v2\/pages"}],"about":[{"href":"https:\/\/veronicaobrien.be\/it\/wp-json\/wp\/v2\/types\/page"}],"author":[{"embeddable":true,"href":"https:\/\/veronicaobrien.be\/it\/wp-json\/wp\/v2\/users\/1"}],"replies":[{"embeddable":true,"href":"https:\/\/veronicaobrien.be\/it\/wp-json\/wp\/v2\/comments?post=187"}],"version-history":[{"count":34,"href":"https:\/\/veronicaobrien.be\/it\/wp-json\/wp\/v2\/pages\/187\/revisions"}],"predecessor-version":[{"id":1900,"href":"https:\/\/veronicaobrien.be\/it\/wp-json\/wp\/v2\/pages\/187\/revisions\/1900"}],"wp:attachment":[{"href":"https:\/\/veronicaobrien.be\/it\/wp-json\/wp\/v2\/media?parent=187"}],"curies":[{"name":"wp","href":"https:\/\/api.w.org\/{rel}","templated":true}]}}