{"id":433,"date":"2024-07-01T14:13:07","date_gmt":"2024-07-01T14:13:07","guid":{"rendered":"https:\/\/veronicaobrien.be\/?page_id=433"},"modified":"2026-04-03T06:29:14","modified_gmt":"2026-04-03T06:29:14","slug":"de-rozenkrans","status":"publish","type":"page","link":"https:\/\/veronicaobrien.be\/it\/de-rozenkrans\/","title":{"rendered":"I frigoriferi FIAT"},"content":{"rendered":"<div data-elementor-type=\"wp-page\" data-elementor-id=\"433\" class=\"elementor elementor-433\" data-elementor-post-type=\"page\">\n\t\t\t\t<div class=\"elementor-element elementor-element-de1e714 e-flex e-con-boxed e-con e-parent\" data-id=\"de1e714\" data-element_type=\"container\" data-e-type=\"container\">\n\t\t\t\t\t<div class=\"e-con-inner\">\n\t\t<div class=\"elementor-element elementor-element-6e40e07 e-con-full e-flex e-con e-child\" data-id=\"6e40e07\" data-element_type=\"container\" data-e-type=\"container\">\n\t\t\t\t<div class=\"elementor-element elementor-element-c3735e0 elementor-invisible elementor-widget elementor-widget-heading\" data-id=\"c3735e0\" data-element_type=\"widget\" data-e-type=\"widget\" data-settings=\"{&quot;_animation&quot;:&quot;fadeInUp&quot;}\" data-widget_type=\"heading.default\">\n\t\t\t\t<div class=\"elementor-widget-container\">\n\t\t\t\t\t<h2 class=\"elementor-heading-title elementor-size-default\">Il rosario FIAT<\/h2>\t\t\t\t<\/div>\n\t\t\t\t<\/div>\n\t\t\t\t<div class=\"elementor-element elementor-element-d138205 elementor-widget-divider--view-line elementor-invisible elementor-widget elementor-widget-divider\" data-id=\"d138205\" data-element_type=\"widget\" data-e-type=\"widget\" data-settings=\"{&quot;_animation&quot;:&quot;zoomIn&quot;,&quot;_animation_delay&quot;:100}\" data-widget_type=\"divider.default\">\n\t\t\t\t<div class=\"elementor-widget-container\">\n\t\t\t\t\t\t\t<div class=\"elementor-divider\">\n\t\t\t<span class=\"elementor-divider-separator\">\n\t\t\t\t\t\t<\/span>\n\t\t<\/div>\n\t\t\t\t\t\t<\/div>\n\t\t\t\t<\/div>\n\t\t\t\t<\/div>\n\t\t\t\t\t<\/div>\n\t\t\t\t<\/div>\n\t\t<div class=\"elementor-element elementor-element-64ce8a8 e-flex e-con-boxed e-con e-parent\" data-id=\"64ce8a8\" data-element_type=\"container\" data-e-type=\"container\">\n\t\t\t\t\t<div class=\"e-con-inner\">\n\t\t<div class=\"elementor-element elementor-element-0c347d8 e-con-full e-flex e-con e-child\" data-id=\"0c347d8\" data-element_type=\"container\" data-e-type=\"container\">\n\t\t\t\t<div class=\"elementor-element elementor-element-7df3f44 elementor-widget elementor-widget-text-editor\" data-id=\"7df3f44\" data-element_type=\"widget\" data-e-type=\"widget\" data-widget_type=\"text-editor.default\">\n\t\t\t\t<div class=\"elementor-widget-container\">\n\t\t\t\t\t\t\t\t\t<p>Il rosario FIAT \u00e8 stato accolto da Veronica come strumento di preghiera, semplice ed efficace, per le famiglie, i gruppi di preghiera e le \u00e9quipe apostoliche.<\/p><p>Ci offre un momento nel Cenacolo per contemplare con Maria la vita di Ges\u00f9.<\/p><p>\u00a0<\/p><p>Il cardinale Danneels ha riconosciuto l'autenticit\u00e0 del piccolo rosario ricevuto da Veronica. Il cardinale Suenens ha scritto insieme a lei una preghiera introduttiva \u2013 la preghiera FIAT \u2013 per metterci in cammino verso l'annuncio della Buona Novella.<\/p><p>\u00a0<\/p><p>La preghiera FIAT \u00e8 rivolta allo Spirito Santo e ci invita a camminare con Maria sulle orme di Ges\u00f9. San Luigi Maria da Montfort lo esprime cos\u00ec: \u00abQuando lo Spirito Santo, suo Sposo, la trova in un'anima, vi vola, vi entra pienamente, si comunica a quest'anima abbondantemente e tanto quanto essa d\u00e0 spazio alla sua Sposa\u00bb (La vera devozione a Dio, n. 36).<\/p>\t\t\t\t\t\t\t\t<\/div>\n\t\t\t\t<\/div>\n\t\t\t\t<\/div>\n\t\t\t\t\t<\/div>\n\t\t\t\t<\/div>\n\t\t\t\t<section class=\"elementor-section elementor-top-section elementor-element elementor-element-6b50a363 elementor-section-boxed elementor-section-height-default elementor-section-height-default elementor-invisible\" data-id=\"6b50a363\" data-element_type=\"section\" data-e-type=\"section\" data-settings=\"{&quot;background_background&quot;:&quot;classic&quot;,&quot;animation&quot;:&quot;fadeIn&quot;}\">\n\t\t\t\t\t\t<div class=\"elementor-container elementor-column-gap-default\">\n\t\t\t\t\t<div class=\"elementor-column elementor-col-100 elementor-top-column elementor-element elementor-element-28af6005\" data-id=\"28af6005\" data-element_type=\"column\" data-e-type=\"column\">\n\t\t\t<div class=\"elementor-widget-wrap elementor-element-populated\">\n\t\t\t\t\t\t<div class=\"elementor-element elementor-element-0402353 elementor-invisible elementor-widget elementor-widget-heading\" data-id=\"0402353\" data-element_type=\"widget\" data-e-type=\"widget\" data-settings=\"{&quot;_animation&quot;:&quot;fadeInUp&quot;}\" data-widget_type=\"heading.default\">\n\t\t\t\t<div class=\"elementor-widget-container\">\n\t\t\t\t\t<h2 class=\"elementor-heading-title elementor-size-default\">Come recitare il rosario FIAT?\n<\/h2>\t\t\t\t<\/div>\n\t\t\t\t<\/div>\n\t\t\t\t<div class=\"elementor-element elementor-element-c6e877a elementor-widget-divider--view-line elementor-invisible elementor-widget elementor-widget-divider\" data-id=\"c6e877a\" data-element_type=\"widget\" data-e-type=\"widget\" data-settings=\"{&quot;_animation&quot;:&quot;zoomIn&quot;,&quot;_animation_delay&quot;:100}\" data-widget_type=\"divider.default\">\n\t\t\t\t<div class=\"elementor-widget-container\">\n\t\t\t\t\t\t\t<div class=\"elementor-divider\">\n\t\t\t<span class=\"elementor-divider-separator\">\n\t\t\t\t\t\t<\/span>\n\t\t<\/div>\n\t\t\t\t\t\t<\/div>\n\t\t\t\t<\/div>\n\t\t\t\t<div class=\"elementor-element elementor-element-18a4651 elementor-widget elementor-widget-text-editor\" data-id=\"18a4651\" data-element_type=\"widget\" data-e-type=\"widget\" data-widget_type=\"text-editor.default\">\n\t\t\t\t<div class=\"elementor-widget-container\">\n\t\t\t\t\t\t\t\t\t<p>Iniziamo con<strong> il<\/strong> <strong>segno della croce<\/strong> seguito dalla\u00a0<strong>preghiera FIAT<\/strong>\u00a0:<\/p><div id=\"ConnectiveDocSignExtentionInstalled\" data-extension-version=\"1.0.4\">\u00a0<\/div>\t\t\t\t\t\t\t\t<\/div>\n\t\t\t\t<\/div>\n\t\t\t\t<div class=\"elementor-element elementor-element-674d4b7 elementor-widget elementor-widget-text-editor\" data-id=\"674d4b7\" data-element_type=\"widget\" data-e-type=\"widget\" data-widget_type=\"text-editor.default\">\n\t\t\t\t<div class=\"elementor-widget-container\">\n\t\t\t\t\t\t\t\t\t<p><em>Nel nome del Padre e del Figlio<\/em><br \/><em>e dello Spirito Santo. Amen<\/em><\/p><p><em>Spirito Santo,<\/em><br \/><em>aiutaci a rivivere, in unione con Maria,<\/em><br \/><em>i misteri gioiosi, luminosi, dolorosi<\/em><br \/><em>e gloriosi di Ges\u00f9.<\/em><\/p><p><em>Dacci la forza di essere<\/em><br \/><em>animati dalla fede del nostro battesimo,<\/em><br \/><em>nutriti dall'Eucaristia,<\/em><br \/><em>rinnovati nella grazia della Pentecoste,<\/em><\/p><p><em>per vivere, con le parole e con le azioni,<\/em><br \/><em>sempre e ovunque,<\/em><br \/><em>come fedeli testimoni di Cristo e dell'Amore del suo divino Cuore.<\/em><\/p><p><em> Amen.<\/em><\/p><div id=\"ConnectiveDocSignExtentionInstalled\" data-extension-version=\"1.0.4\">\u00a0<\/div>\t\t\t\t\t\t\t\t<\/div>\n\t\t\t\t<\/div>\n\t\t\t\t<div class=\"elementor-element elementor-element-2367bf5 elementor-widget elementor-widget-text-editor\" data-id=\"2367bf5\" data-element_type=\"widget\" data-e-type=\"widget\" data-widget_type=\"text-editor.default\">\n\t\t\t\t<div class=\"elementor-widget-container\">\n\t\t\t\t\t\t\t\t\t<div>\n<p>Prendiamo poi il tempo necessario per far maturare in noi <strong>le intenzioni di preghiera,<\/strong> che concludiamo con il <strong>Padre Nostro.<\/strong>.<\/p>\n<p><em>Padre nostro, che sei nei cieli, sia santificato il tuo nome, venga il tuo regno, sia fatta la tua volont\u00e0, come in cielo cos\u00ec in terra.  Dacci oggi il nostro pane quotidiano, rimetti a noi i nostri debiti come anche noi li rimettiamo ai nostri debitori, e non abbandonarci alla tentazione, ma liberaci dal male. Amen.<\/em><\/p><p><em><br><\/em><\/p>\n<p>Poi ripercorriamo e meditiamo i misteri della vita di Ges\u00f9. Ogni mistero comprende tre \u00ab&nbsp;<strong>Ave Maria<\/strong>&nbsp;\u00bb seguite da \u00ab&nbsp;<strong>Gioia e gloria al Padre, al Figlio e allo Spirito Santo. Amen.<\/strong><span style=\"font-size: 19.2px;\">\u00bb<\/span><\/p><p><span style=\"font-size: 19.2px;\"><br><\/span><\/p>\n<p><em>Ave Maria, piena di grazia, il Signore \u00e8 con te. Tu sei benedetta fra tutte le donne e benedetto \u00e8 il frutto del tuo seno, Ges\u00f9. Santa Maria, Madre di Dio, prega per noi peccatori, adesso e nell'ora della nostra morte. Amen.<\/em><\/p>\n<\/div>\n<div data-extension-version=\"1.0.4\"><\/div>\t\t\t\t\t\t\t\t<\/div>\n\t\t\t\t<\/div>\n\t\t\t\t\t<\/div>\n\t\t<\/div>\n\t\t\t\t\t<\/div>\n\t\t<\/section>\n\t\t<div class=\"elementor-element elementor-element-23d317b e-flex e-con-boxed e-con e-parent\" data-id=\"23d317b\" data-element_type=\"container\" data-e-type=\"container\" data-settings=\"{&quot;background_background&quot;:&quot;classic&quot;}\">\n\t\t\t\t\t<div class=\"e-con-inner\">\n\t\t<div class=\"elementor-element elementor-element-87344c4 e-con-full e-flex e-con e-child\" data-id=\"87344c4\" data-element_type=\"container\" data-e-type=\"container\" data-settings=\"{&quot;background_background&quot;:&quot;classic&quot;}\">\n\t\t\t\t<div class=\"elementor-element elementor-element-3abeae1 elementor-widget elementor-widget-heading\" data-id=\"3abeae1\" data-element_type=\"widget\" data-e-type=\"widget\" data-widget_type=\"heading.default\">\n\t\t\t\t<div class=\"elementor-widget-container\">\n\t\t\t\t\t<h2 class=\"elementor-heading-title elementor-size-default\">Per acquistare il rosario FIAT <\/h2>\t\t\t\t<\/div>\n\t\t\t\t<\/div>\n\t\t\t\t<div class=\"elementor-element elementor-element-ac16e8c elementor-widget elementor-widget-button\" data-id=\"ac16e8c\" data-element_type=\"widget\" data-e-type=\"widget\" data-widget_type=\"button.default\">\n\t\t\t\t<div class=\"elementor-widget-container\">\n\t\t\t\t\t\t\t\t\t<div class=\"elementor-button-wrapper\">\n\t\t\t\t\t<a class=\"elementor-button elementor-button-link elementor-size-sm\" href=\"https:\/\/associationfiat.com\/boutique\/\" target=\"_blank\">\n\t\t\t\t\t\t<span class=\"elementor-button-content-wrapper\">\n\t\t\t\t\t\t\t\t\t<span class=\"elementor-button-text\">CLICCA QUI<\/span>\n\t\t\t\t\t<\/span>\n\t\t\t\t\t<\/a>\n\t\t\t\t<\/div>\n\t\t\t\t\t\t\t\t<\/div>\n\t\t\t\t<\/div>\n\t\t\t\t<\/div>\n\t\t\t\t\t<\/div>\n\t\t\t\t<\/div>\n\t\t\t\t<\/div>","protected":false},"excerpt":{"rendered":"<p>Le chapelet FIAT Le chapelet FIAT a \u00e9t\u00e9 accueilli par Veronica comme instrument de pri\u00e8re, simple et efficace pour les familles, les groupes de pri\u00e8res et les \u00e9quipes d\u2019apostolat. Il nous offre un temps au C\u00e9nacle pour y contempler avec Marie la vie de J\u00e9sus. \u00a0 Le cardinal Danneels a reconnu l\u2019authenticit\u00e9 du petit chapelet [&hellip;]<\/p>\n","protected":false},"author":1,"featured_media":0,"parent":0,"menu_order":0,"comment_status":"closed","ping_status":"closed","template":"","meta":{"footnotes":""},"class_list":["post-433","page","type-page","status-publish","hentry"],"_links":{"self":[{"href":"https:\/\/veronicaobrien.be\/it\/wp-json\/wp\/v2\/pages\/433","targetHints":{"allow":["GET"]}}],"collection":[{"href":"https:\/\/veronicaobrien.be\/it\/wp-json\/wp\/v2\/pages"}],"about":[{"href":"https:\/\/veronicaobrien.be\/it\/wp-json\/wp\/v2\/types\/page"}],"author":[{"embeddable":true,"href":"https:\/\/veronicaobrien.be\/it\/wp-json\/wp\/v2\/users\/1"}],"replies":[{"embeddable":true,"href":"https:\/\/veronicaobrien.be\/it\/wp-json\/wp\/v2\/comments?post=433"}],"version-history":[{"count":116,"href":"https:\/\/veronicaobrien.be\/it\/wp-json\/wp\/v2\/pages\/433\/revisions"}],"predecessor-version":[{"id":2109,"href":"https:\/\/veronicaobrien.be\/it\/wp-json\/wp\/v2\/pages\/433\/revisions\/2109"}],"wp:attachment":[{"href":"https:\/\/veronicaobrien.be\/it\/wp-json\/wp\/v2\/media?parent=433"}],"curies":[{"name":"wp","href":"https:\/\/api.w.org\/{rel}","templated":true}]}}