{"id":866,"date":"2024-09-25T15:23:04","date_gmt":"2024-09-25T15:23:04","guid":{"rendered":"https:\/\/veronicaobrien.be\/?page_id=866"},"modified":"2024-09-25T15:35:40","modified_gmt":"2024-09-25T15:35:40","slug":"privacy","status":"publish","type":"page","link":"https:\/\/veronicaobrien.be\/it\/privacy\/","title":{"rendered":"Informativa sulla privacy"},"content":{"rendered":"<div data-elementor-type=\"wp-page\" data-elementor-id=\"866\" class=\"elementor elementor-866\" data-elementor-post-type=\"page\">\n\t\t\t\t\t\t<section class=\"elementor-section elementor-top-section elementor-element elementor-element-6b50a363 elementor-section-boxed elementor-section-height-default elementor-section-height-default elementor-invisible\" data-id=\"6b50a363\" data-element_type=\"section\" data-e-type=\"section\" data-settings=\"{&quot;background_background&quot;:&quot;classic&quot;,&quot;animation&quot;:&quot;fadeIn&quot;}\">\n\t\t\t\t\t\t<div class=\"elementor-container elementor-column-gap-default\">\n\t\t\t\t\t<div class=\"elementor-column elementor-col-100 elementor-top-column elementor-element elementor-element-28af6005\" data-id=\"28af6005\" data-element_type=\"column\" data-e-type=\"column\">\n\t\t\t<div class=\"elementor-widget-wrap elementor-element-populated\">\n\t\t\t\t\t\t<div class=\"elementor-element elementor-element-4e054a61 elementor-widget-divider--view-line elementor-invisible elementor-widget elementor-widget-divider\" data-id=\"4e054a61\" data-element_type=\"widget\" data-e-type=\"widget\" data-settings=\"{&quot;_animation&quot;:&quot;zoomIn&quot;,&quot;_animation_delay&quot;:100}\" data-widget_type=\"divider.default\">\n\t\t\t\t<div class=\"elementor-widget-container\">\n\t\t\t\t\t\t\t<div class=\"elementor-divider\">\n\t\t\t<span class=\"elementor-divider-separator\">\n\t\t\t\t\t\t<\/span>\n\t\t<\/div>\n\t\t\t\t\t\t<\/div>\n\t\t\t\t<\/div>\n\t\t\t\t<div class=\"elementor-element elementor-element-cb3ed56 elementor-widget elementor-widget-text-editor\" data-id=\"cb3ed56\" data-element_type=\"widget\" data-e-type=\"widget\" data-widget_type=\"text-editor.default\">\n\t\t\t\t<div class=\"elementor-widget-container\">\n\t\t\t\t\t\t\t\t\t<h1>La privacy<\/h1><h2>1. Notizie<\/h2><p>L'Associazione FIAT \u00e8 una societ\u00e0 costituita da Frederik de Merodestraat 18, 2800 Mechelen.<\/p><p>In questa informativa sulla privacy vi spieghiamo quali sono le informazioni personali che verifichiamo e come le utilizziamo per verbalizzare il nostro servizio.<\/p><p>La presente Informativa sulla privacy illustra i diritti personali dell'utente.<\/p><h2>2. DATI PERSONALI<\/h2><p>I dati personali pi\u00f9 importanti che conosciamo sono stati verificati in questi giorni:<\/p><ul><li><strong>Sito web:<\/strong> Se ci invii una richiesta tramite il modulo di contatto, ti verranno segnalati i seguenti campi: Naam, voornaam, email<\/li><li><strong>Zakenrelatie:<\/strong> se ci contattate nel quadro delle nostre offerte come (potenziali) clienti o partner, vi comunichiamo il vostro nome completo, i dati di contatto (indirizzo e-mail, numero di telefono, numero di telefono, numero di telefono) e altri dati non necessari per la vendita, la produzione o l'acquisto di prodotti;<\/li><li><strong>Marketing:<\/strong> als u ons hiervoor expliciete toestemming verleent, verwerken wij uw volledige naam en e-mailadres, voor het toezenden van direct marketing, nieuwsbrieven, acties en promoties omtrent onze producten en diensten. \u00c8 inoltre possibile inviare una e-mail a info@associationfiat.com.<\/li><\/ul><p>Se non si \u00e8 in grado di controllare i dati personali, si pu\u00f2 fare un'analisi delle informazioni che si possono ottenere in modo da poterle utilizzare per la gestione di questi dati.<\/p><h2>3.VERWERKINGSDOELEINDEN<\/h2><p>Noi lavoriamo su dati personali per la gestione di tutti i nostri clienti e ordini. Si tratta, tra l'altro, dell'amministrazione dei clienti, dell'ottimizzazione delle vendite e delle operazioni di leva, della fatturazione e delle attivit\u00e0 di marketing.<\/p><p>L'analisi si basa sulle seguenti categorie di norme:<\/p><ul><li>Sulla base del vostro approccio;<\/li><li>Non \u00e8 necessario usare un overeenkomst;<\/li><li>Non \u00e8 un problema se si vuole evitare di bagnare il pavimento;<\/li><li>\u00c8 fondamentale per la tutela dei nostri interessi gerarchici da tutelare.<\/li><\/ul><p>Per quanto riguarda la verifica dei dati personali sulla base del proprio sistema di pagamento, \u00e8 necessario avere la certezza che il sistema di pagamento sia stato modificato.<\/p><h2>4. DELEN MET DERDEN<\/h2><p>Poich\u00e9 ci\u00f2 \u00e8 essenziale per il successo delle persone coinvolte nel progetto, possiamo organizzare la collaborazione dei nostri collaboratori con gli artigiani e i nostri partner professionali. I nostri partner possono scegliere le giuste soluzioni tecniche e organizzative per far lavorare le persone coinvolte nel progetto.<\/p><p>Non possiamo commercializzare i nostri dati personali in nessun modo. In caso di eventi di riorganizzazione, fallimento o cessazione di attivit\u00e0, i dati che si riferiscono alle attivit\u00e0 della nostra azienda non possono essere sovrascritti.<\/p><p>In questi casi possiamo anche verificare che le informazioni personali vengano cancellate sulla base di un'impostazione gerechtelijk o di un'impostazione dwingende.<\/p><h2>5. BISCOTTO<\/h2><p>I dati personali vengono comunicati a noi e sono da considerarsi come un termine rosso che non pu\u00f2 essere utilizzato per il controllo delle condizioni di vita dei clienti, in funzione del rapporto contrattuale, oppure per il controllo delle condizioni di vita dei clienti.<\/p><h2>6. UW RECHTEN<\/h2><p>Tutte le persone che conoscono i nostri dati personali hanno bisogno di un po' di fiducia:<\/p><ul><li>inzage te verkrijgen in hun persoonsgegevens;<\/li><li>i suoi dati personali devono essere verbalizzati o annullati se si vuole che questo documento sia efficace;<\/li><li>i suoi dati personali sono stati modificati;<\/li><li>di verificare i propri dati personali;<\/li><li>per quanto riguarda l'applicazione dei suoi diritti personali per un risarcimento sicuro e legittimo;<\/li><li>een kopie van hun persoonsgegevens te bekomen;<\/li><li>i suoi dati personali devono essere trasferiti a un'altra citt\u00e0.<\/li><\/ul><p>Per risolvere i problemi, contattateci per posta o via info@associationfiat.com.<\/p><h2>7. KLACHTEN<\/h2><p>Tutte le persone che ci hanno segnalato i dati personali hanno il diritto di rivolgersi alla Commissie voor de Bescherming van de Persoonlijke Levenssfeer (Drukpersstraat 35, 1000 Brussel, commission@privacycommission.be).<\/p><h2>8. VEILIGHEID<\/h2><p>Passiamo minstens de gebruikelijke technische en organisatorische beveiligingsmaatregelen toe die redelijkerwijs van ons verwacht mogen worden om uw persoonsgegevens te beveiligen tegen vernietiging, verlies, wijziging, vervalsing, verspreiding of onrechtmatige toegang.<\/p><p>I documenti di viaggio vengono consegnati a un partner in un paese in base alla legge economica europea (Europese Economische Ruimte) in quanto tale paese offre un passend beschermingsniveau per i documenti di viaggio. Se desiderate che i vostri dati personali vengano trattati con un partner nei Verenigde Staten van Amerika, vi offriamo un certificato o una certificazione ai sensi del Privacy Shield Framework (www.privacyshield.gov).<\/p><p>Non \u00e8 possibile gestire in modo trasparente l'utilizzo di dati personali da parte di un terzo. L'utente \u00e8 quindi responsabile in prima persona della verifica e dell'utilizzo del proprio computer, dell'indirizzo IP, dei dati di accesso e dei dati identificativi.<\/p><h2>9. UW PRIVACY<\/h2><p>La privacy \u00e8 importante per noi.<\/p><p>Wij stellen dan ook alles in het werk om deze zo goed mogelijk te beschermen en hechten veel belang aan de naleving van (i) de Wet van 8 december 1992 tot bescherming van de persoonlijke levenssfeer ten opzichte van de verwerking van persoonsgegevens (zoals gewijzigd door de Wet van 11 december 1998, \"Wet Verwerking Persoonsgegevens\"); (ii) de anti-spambepalingen uit Boek XII van het Wetboek Economisch Recht omtrent het recht van de elektronische economie; en (iii) de Europese Verordening 2016\/679 van 27 april 2016 betreffende de bescherming van persoonsgegevens (\"Algemene Verordening Gegevensbescherming\").<\/p><div id=\"ConnectiveDocSignExtentionInstalled\" data-extension-version=\"1.0.4\">\u00a0<\/div>\t\t\t\t\t\t\t\t<\/div>\n\t\t\t\t<\/div>\n\t\t\t\t\t<\/div>\n\t\t<\/div>\n\t\t\t\t\t<\/div>\n\t\t<\/section>\n\t\t\t\t<\/div>","protected":false},"excerpt":{"rendered":"<p>Privacy 1. Gegevens Association FIAT is een bedrijf gevestigd te Frederik de Merodestraat 18, 2800 Mechelen . In dit privacybeleid leggen we uit welke persoonlijke informatie wij verzamelen en hoe wij deze gebruiken en delen om onze dienstverlening te verbeteren. Dit Privacybeleid maakt deel uit van onze algemene voorwaarden. 2. PERSOONSGEGEVENS De beperkte persoonsgegevens die [&hellip;]<\/p>\n","protected":false},"author":1,"featured_media":0,"parent":0,"menu_order":0,"comment_status":"closed","ping_status":"closed","template":"","meta":{"footnotes":""},"class_list":["post-866","page","type-page","status-publish","hentry"],"_links":{"self":[{"href":"https:\/\/veronicaobrien.be\/it\/wp-json\/wp\/v2\/pages\/866","targetHints":{"allow":["GET"]}}],"collection":[{"href":"https:\/\/veronicaobrien.be\/it\/wp-json\/wp\/v2\/pages"}],"about":[{"href":"https:\/\/veronicaobrien.be\/it\/wp-json\/wp\/v2\/types\/page"}],"author":[{"embeddable":true,"href":"https:\/\/veronicaobrien.be\/it\/wp-json\/wp\/v2\/users\/1"}],"replies":[{"embeddable":true,"href":"https:\/\/veronicaobrien.be\/it\/wp-json\/wp\/v2\/comments?post=866"}],"version-history":[{"count":5,"href":"https:\/\/veronicaobrien.be\/it\/wp-json\/wp\/v2\/pages\/866\/revisions"}],"predecessor-version":[{"id":879,"href":"https:\/\/veronicaobrien.be\/it\/wp-json\/wp\/v2\/pages\/866\/revisions\/879"}],"wp:attachment":[{"href":"https:\/\/veronicaobrien.be\/it\/wp-json\/wp\/v2\/media?parent=866"}],"curies":[{"name":"wp","href":"https:\/\/api.w.org\/{rel}","templated":true}]}}