{"id":12,"date":"2024-06-11T12:30:46","date_gmt":"2024-06-11T12:30:46","guid":{"rendered":"https:\/\/veronicaobrien.be\/?page_id=12"},"modified":"2026-01-19T11:48:01","modified_gmt":"2026-01-19T11:48:01","slug":"elementor-12","status":"publish","type":"page","link":"https:\/\/veronicaobrien.be\/nl\/","title":{"rendered":"Home"},"content":{"rendered":"\t\t<div data-elementor-type=\"wp-post\" data-elementor-id=\"12\" class=\"elementor elementor-12\" data-elementor-post-type=\"page\">\n\t\t\t\t\t\t<section class=\"elementor-section elementor-top-section elementor-element elementor-element-5bbc473 elementor-section-boxed elementor-section-height-default elementor-section-height-default elementor-invisible\" data-id=\"5bbc473\" data-element_type=\"section\" data-e-type=\"section\" data-settings=\"{&quot;background_background&quot;:&quot;classic&quot;,&quot;animation&quot;:&quot;fadeIn&quot;}\">\n\t\t\t\t\t\t\t<div class=\"elementor-background-overlay\"><\/div>\n\t\t\t\t\t\t\t<div class=\"elementor-container elementor-column-gap-default\">\n\t\t\t\t\t<div class=\"elementor-column elementor-col-100 elementor-top-column elementor-element elementor-element-7331b79a\" data-id=\"7331b79a\" data-element_type=\"column\" data-e-type=\"column\">\n\t\t\t<div class=\"elementor-widget-wrap elementor-element-populated\">\n\t\t\t\t\t\t<div class=\"elementor-element elementor-element-578e5df6 elementor-invisible elementor-widget elementor-widget-heading\" data-id=\"578e5df6\" data-element_type=\"widget\" data-e-type=\"widget\" data-settings=\"{&quot;_animation&quot;:&quot;fadeInUp&quot;}\" data-widget_type=\"heading.default\">\n\t\t\t\t<div class=\"elementor-widget-container\">\n\t\t\t\t\t<h1 class=\"elementor-heading-title elementor-size-default\">Veronica O\u2019Brien, Servante de Dieu <\/h1>\t\t\t\t<\/div>\n\t\t\t\t<\/div>\n\t\t\t\t<div class=\"elementor-element elementor-element-6d7c2a3 elementor-widget elementor-widget-text-editor\" data-id=\"6d7c2a3\" data-element_type=\"widget\" data-e-type=\"widget\" data-widget_type=\"text-editor.default\">\n\t\t\t\t<div class=\"elementor-widget-container\">\n\t\t\t\t\t\t\t\t\t\u00c0 la d\u00e9couverte du proc\u00e8s\t\t\t\t\t\t\t\t<\/div>\n\t\t\t\t<\/div>\n\t\t\t\t\t<\/div>\n\t\t<\/div>\n\t\t\t\t\t<\/div>\n\t\t<\/section>\n\t\t\t\t<section class=\"elementor-section elementor-top-section elementor-element elementor-element-6a42534b elementor-section-boxed elementor-section-height-default elementor-section-height-default elementor-invisible\" data-id=\"6a42534b\" data-element_type=\"section\" data-e-type=\"section\" data-settings=\"{&quot;background_background&quot;:&quot;classic&quot;,&quot;animation&quot;:&quot;fadeIn&quot;}\">\n\t\t\t\t\t\t<div class=\"elementor-container elementor-column-gap-default\">\n\t\t\t\t\t<div class=\"elementor-column elementor-col-50 elementor-top-column elementor-element elementor-element-3cae499a elementor-invisible\" data-id=\"3cae499a\" data-element_type=\"column\" data-e-type=\"column\" data-settings=\"{&quot;background_background&quot;:&quot;classic&quot;,&quot;animation&quot;:&quot;fadeInUp&quot;,&quot;animation_mobile&quot;:&quot;fadeIn&quot;,&quot;animation_delay&quot;:200}\">\n\t\t\t<div class=\"elementor-widget-wrap elementor-element-populated\">\n\t\t\t\t\t\t<div class=\"elementor-element elementor-element-3e436f5 elementor-invisible elementor-widget elementor-widget-heading\" data-id=\"3e436f5\" data-element_type=\"widget\" data-e-type=\"widget\" data-settings=\"{&quot;_animation&quot;:&quot;fadeInUp&quot;}\" data-widget_type=\"heading.default\">\n\t\t\t\t<div class=\"elementor-widget-container\">\n\t\t\t\t\t<h2 class=\"elementor-heading-title elementor-size-default\">Une vie donn\u00e9e \u00e0 l'annonce de la Bonne Nouvelle<\/h2>\t\t\t\t<\/div>\n\t\t\t\t<\/div>\n\t\t\t\t<div class=\"elementor-element elementor-element-106336d elementor-invisible elementor-widget elementor-widget-text-editor\" data-id=\"106336d\" data-element_type=\"widget\" data-e-type=\"widget\" data-settings=\"{&quot;_animation&quot;:&quot;fadeInUp&quot;,&quot;_animation_delay&quot;:100}\" data-widget_type=\"text-editor.default\">\n\t\t\t\t<div class=\"elementor-widget-container\">\n\t\t\t\t\t\t\t\t\t<p>Louise-Mary O\u2019Brien na\u00eet \u00e0 Midleton en Irlande le 16 ao\u00fbt 1905 dans une famille nombreuse. Elle ressent son premier appel \u00e0 l\u2019\u00e9vang\u00e9lisation lors de la messe dominicale \u00e0 Ballycotton. Elle \u00e9tudie comme pensionnaire chez les s\u0153urs de sainte Clotilde \u00e0 Eltham Park.<\/p><p><span style=\"letter-spacing: 0px;\">Le 31 mai 1924, Louise-Mary entre au noviciat des s\u0153urs de sainte Clotilde \u00e0 Paris. Elle devient s\u0153ur Veronica. Le 8 d\u00e9cembre 1935, avec l\u2019accord de ses sup\u00e9rieures, elle quitte la congr\u00e9gation de sainte Clotilde pour entamer une vie de la\u00efque missionnaire. Elle rencontre Frank Duff \u00e0 Londres et s\u2019engage dans la L\u00e9gion de Marie.<\/span><\/p><p><span style=\"letter-spacing: 0px;\">\u00a0<\/span><\/p><p><span style=\"letter-spacing: 0px;\">En 1939, Veronica arrive \u00e0 Nevers. Avec l\u2019aide de l\u2019\u00e9v\u00eaque du lieu, Mgr Flynn et ses pr\u00eatres, elle fonde la L\u00e9gion de Marie en France. Apr\u00e8s la guerre, elle s\u2019installe \u00e0 Paris d\u2019o\u00f9 elle rayonne dans d\u2019autres pays d\u2019Europe.<\/span><\/p><p><span style=\"font-size: 19.2px; letter-spacing: 0px;\">\u00a0<\/span><\/p><p><span style=\"font-size: 19.2px; letter-spacing: 0px;\">En 1948, Veronica rencontre de mani\u00e8re d\u00e9cisive Mgr L\u00e9on-Joseph Suenens, alors \u00e9v\u00eaque auxiliaire de Malines. Une collaboration qui va durer jusqu\u2019\u00e0 la fin de sa vie.<\/span><\/p><p><span style=\"font-size: 19.2px; letter-spacing: 0px;\">\u00a0<\/span><\/p><p>En 1958, Veronica s\u2019installe \u00e0 Bruxelles. Elle devient la conseill\u00e8re spirituelle du roi Baudouin. Elle favorise l\u2019accueil du Renouveau Charismatique dans l\u2019\u00c9glise, entre autres par le p\u00e8lerinage mondial de 1975 \u00e0 Rome et l\u2019approfondissement th\u00e9ologique des \u00ab\u00a0Documents de Malines\u00a0\u00bb. Elle cr\u00e9e avec le cardinal Suenens l\u2019Association FIAT.<\/p><p>L\u2019exemple v\u00e9cu \u00e0 divers plans, de cette compl\u00e9mentarit\u00e9, dans la diff\u00e9rence entre \u00ab institution \u00bb et \u00ab charismes \u00bb, pourrait aider \u00e0 \u00e9clairer et nuancer les d\u00e9bats en cours sur la place de la femme dans \u00c9glise \u2013 \u00e0 valoriser \u00ab plus, mais autrement \u00bb.<\/p><p>Dans un flash spirituel elle re\u00e7oit le chapelet FIAT. Elle meurt le 19 f\u00e9vrier 1998 \u00e0 l\u2019\u00e2ge de 92 ans.<\/p>\t\t\t\t\t\t\t\t<\/div>\n\t\t\t\t<\/div>\n\t\t\t\t\t<\/div>\n\t\t<\/div>\n\t\t\t\t<div class=\"elementor-column elementor-col-50 elementor-top-column elementor-element elementor-element-22a6f67d elementor-invisible\" data-id=\"22a6f67d\" data-element_type=\"column\" data-e-type=\"column\" data-settings=\"{&quot;background_background&quot;:&quot;classic&quot;,&quot;background_motion_fx_motion_fx_scrolling&quot;:&quot;yes&quot;,&quot;background_motion_fx_translateY_effect&quot;:&quot;yes&quot;,&quot;background_motion_fx_translateY_speed&quot;:{&quot;unit&quot;:&quot;px&quot;,&quot;size&quot;:2,&quot;sizes&quot;:[]},&quot;background_motion_fx_devices&quot;:[&quot;desktop&quot;],&quot;animation&quot;:&quot;fadeInUp&quot;,&quot;animation_mobile&quot;:&quot;fadeIn&quot;,&quot;background_motion_fx_translateY_affectedRange&quot;:{&quot;unit&quot;:&quot;%&quot;,&quot;size&quot;:&quot;&quot;,&quot;sizes&quot;:{&quot;start&quot;:0,&quot;end&quot;:100}}}\">\n\t\t\t<div class=\"elementor-widget-wrap elementor-element-populated\">\n\t\t\t\t\t<div class=\"elementor-background-overlay\"><\/div>\n\t\t\t\t\t\t<div class=\"elementor-element elementor-element-beaaea7 elementor-widget elementor-widget-image\" data-id=\"beaaea7\" data-element_type=\"widget\" data-e-type=\"widget\" data-widget_type=\"image.default\">\n\t\t\t\t<div class=\"elementor-widget-container\">\n\t\t\t\t\t\t\t\t\t\t\t\t\t\t\t<img fetchpriority=\"high\" decoding=\"async\" width=\"499\" height=\"830\" src=\"https:\/\/veronicaobrien.be\/wp-content\/uploads\/2025\/07\/Franse-cover-boekje-Veronica.jpg\" class=\"attachment-large size-large wp-image-1611\" alt=\"\" srcset=\"https:\/\/veronicaobrien.be\/wp-content\/uploads\/2025\/07\/Franse-cover-boekje-Veronica.jpg 499w, https:\/\/veronicaobrien.be\/wp-content\/uploads\/2025\/07\/Franse-cover-boekje-Veronica-180x300.jpg 180w, https:\/\/veronicaobrien.be\/wp-content\/uploads\/2025\/07\/Franse-cover-boekje-Veronica-7x12.jpg 7w\" sizes=\"(max-width: 499px) 100vw, 499px\" \/>\t\t\t\t\t\t\t\t\t\t\t\t\t\t\t<\/div>\n\t\t\t\t<\/div>\n\t\t\t\t<div class=\"elementor-element elementor-element-d08969b elementor-widget elementor-widget-button\" data-id=\"d08969b\" data-element_type=\"widget\" data-e-type=\"widget\" data-widget_type=\"button.default\">\n\t\t\t\t<div class=\"elementor-widget-container\">\n\t\t\t\t\t\t\t\t\t<div class=\"elementor-button-wrapper\">\n\t\t\t\t\t<a class=\"elementor-button elementor-button-link elementor-size-sm\" href=\"https:\/\/associationfiat.com\/produit\/veronica-obrien-une-vie-dans-le-feu-de-la-mission-jean-luc-moens\/\" target=\"_blank\">\n\t\t\t\t\t\t<span class=\"elementor-button-content-wrapper\">\n\t\t\t\t\t\t\t\t\t<span class=\"elementor-button-text\">Cliquez ici si vous d\u00e9sirez acheter ce livret de 48 pages<\/span>\n\t\t\t\t\t<\/span>\n\t\t\t\t\t<\/a>\n\t\t\t\t<\/div>\n\t\t\t\t\t\t\t\t<\/div>\n\t\t\t\t<\/div>\n\t\t\t\t\t<\/div>\n\t\t<\/div>\n\t\t\t\t\t<\/div>\n\t\t<\/section>\n\t\t\t\t<section class=\"elementor-section elementor-top-section elementor-element elementor-element-707638d elementor-section-boxed elementor-section-height-default elementor-section-height-default\" data-id=\"707638d\" data-element_type=\"section\" data-e-type=\"section\">\n\t\t\t\t\t\t<div class=\"elementor-container elementor-column-gap-default\">\n\t\t\t\t\t<div class=\"elementor-column elementor-col-100 elementor-top-column elementor-element elementor-element-61e3b59 elementor-invisible\" data-id=\"61e3b59\" data-element_type=\"column\" data-e-type=\"column\" data-settings=\"{&quot;background_background&quot;:&quot;classic&quot;,&quot;animation&quot;:&quot;fadeInUp&quot;,&quot;animation_mobile&quot;:&quot;fadeIn&quot;,&quot;animation_delay&quot;:200}\">\n\t\t\t<div class=\"elementor-widget-wrap elementor-element-populated\">\n\t\t\t\t\t\t<div class=\"elementor-element elementor-element-637a0cb elementor-widget__width-initial elementor-invisible elementor-widget elementor-widget-heading\" data-id=\"637a0cb\" data-element_type=\"widget\" data-e-type=\"widget\" data-settings=\"{&quot;_animation&quot;:&quot;fadeInUp&quot;,&quot;_animation_mobile&quot;:&quot;fadeIn&quot;}\" data-widget_type=\"heading.default\">\n\t\t\t\t<div class=\"elementor-widget-container\">\n\t\t\t\t\t<h1 class=\"elementor-heading-title elementor-size-default\">\u201cVenez \u00e0 ma suite. Je vous ferai devenir p\u00eacheurs d\u2019hommes \u201d<\/h1>\t\t\t\t<\/div>\n\t\t\t\t<\/div>\n\t\t\t\t<div class=\"elementor-element elementor-element-0a1a653 elementor-widget__width-initial elementor-widget elementor-widget-text-editor\" data-id=\"0a1a653\" data-element_type=\"widget\" data-e-type=\"widget\" data-widget_type=\"text-editor.default\">\n\t\t\t\t<div class=\"elementor-widget-container\">\n\t\t\t\t\t\t\t\t\t<p>Mc 1, 17-18\u200b<\/p>\t\t\t\t\t\t\t\t<\/div>\n\t\t\t\t<\/div>\n\t\t\t\t\t<\/div>\n\t\t<\/div>\n\t\t\t\t\t<\/div>\n\t\t<\/section>\n\t\t<div class=\"elementor-element elementor-element-0815e90 e-flex e-con-boxed e-con e-parent\" data-id=\"0815e90\" data-element_type=\"container\" data-e-type=\"container\" data-settings=\"{&quot;background_background&quot;:&quot;classic&quot;}\">\n\t\t\t\t\t<div class=\"e-con-inner\">\n\t\t<div class=\"elementor-element elementor-element-4bbb003 e-con-full e-flex e-con e-child\" data-id=\"4bbb003\" data-element_type=\"container\" data-e-type=\"container\">\n\t\t\t\t<div class=\"elementor-element elementor-element-0488185 elementor-invisible elementor-widget elementor-widget-heading\" data-id=\"0488185\" data-element_type=\"widget\" data-e-type=\"widget\" data-settings=\"{&quot;_animation&quot;:&quot;fadeInUp&quot;}\" data-widget_type=\"heading.default\">\n\t\t\t\t<div class=\"elementor-widget-container\">\n\t\t\t\t\t<h2 class=\"elementor-heading-title elementor-size-default\">D\u00e9roulement d\u2019un Proc\u00e8s<\/h2>\t\t\t\t<\/div>\n\t\t\t\t<\/div>\n\t\t\t\t<div class=\"elementor-element elementor-element-9599e18 elementor-invisible elementor-widget elementor-widget-text-editor\" data-id=\"9599e18\" data-element_type=\"widget\" data-e-type=\"widget\" data-settings=\"{&quot;_animation&quot;:&quot;fadeInUp&quot;,&quot;_animation_delay&quot;:100}\" data-widget_type=\"text-editor.default\">\n\t\t\t\t<div class=\"elementor-widget-container\">\n\t\t\t\t\t\t\t\t\t<p>Le Proc\u00e8s de b\u00e9atification et de canonisation est une proc\u00e9dure longue et minutieuse au sein de l\u2019\u00c9glise catholique.<\/p><p><br><\/p>\n<p>Le Proc\u00e8s d\u00e9bute dans le dioc\u00e8se o\u00f9 la personne est d\u00e9c\u00e9d\u00e9e. L\u2019\u00e9v\u00eaque du lieu fait la demande \u00e0 la \u00ab&nbsp;Congr\u00e9gation pour la Cause des Saints&nbsp;\u00bb. C\u2019est cette Congr\u00e9gation qui, apr\u00e8s consultation de 4 autres congr\u00e9gations \u00e0 Rome, donne le feu vert pour commencer la phase dioc\u00e9saine de la Cause de la Servante de Dieu.<\/p><p><br><\/p>\n<p>Cette phase dioc\u00e9saine consiste essentiellement \u00e0 pr\u00e9parer un dossier le plus complet possible, pour la \u00ab Congr\u00e9gation pour la Cause des Saints \u00bb qui, \u00e0 son tour, est charg\u00e9e d\u2019examiner l\u2019authenticit\u00e9 des donn\u00e9es de&nbsp; juger si la personne a men\u00e9 une vie justifiant la poursuite du Proc\u00e8s de B\u00e9atification.<\/p><p><br><\/p>\n<p>Le cardinal Jozef De Kesel re\u00e7ut l\u2019autorisation de la \u00ab Congr\u00e9gation pour la Cause des Saints \u00bb (Rome) d&rsquo;ouvrir la phase dioc\u00e9saine en vue de la b\u00e9atification de Veronica O\u2019Brien. Ainsi, l\u2019ouverture officielle, sous la pr\u00e9sidence du cardinal Jozef De Kesel le 31 mai 2022, a eu lieu en la f\u00eate de la Visitation de la Vierge Marie.<\/p>\n<div id=\"ConnectiveDocSignExtentionInstalled\" data-extension-version=\"1.0.4\">&nbsp;<\/div>\t\t\t\t\t\t\t\t<\/div>\n\t\t\t\t<\/div>\n\t\t\t\t<div class=\"elementor-element elementor-element-df33b9d elementor-widget elementor-widget-button\" data-id=\"df33b9d\" data-element_type=\"widget\" data-e-type=\"widget\" data-widget_type=\"button.default\">\n\t\t\t\t<div class=\"elementor-widget-container\">\n\t\t\t\t\t\t\t\t\t<div class=\"elementor-button-wrapper\">\n\t\t\t\t\t<a class=\"elementor-button elementor-button-link elementor-size-sm\" href=\"https:\/\/veronicaobrien.be\/verloop-van-het-proces\/\">\n\t\t\t\t\t\t<span class=\"elementor-button-content-wrapper\">\n\t\t\t\t\t\t\t\t\t<span class=\"elementor-button-text\">D\u00e9roulement de la phase dioc\u00e9saine du Proc\u00e8s<\/span>\n\t\t\t\t\t<\/span>\n\t\t\t\t\t<\/a>\n\t\t\t\t<\/div>\n\t\t\t\t\t\t\t\t<\/div>\n\t\t\t\t<\/div>\n\t\t\t\t<\/div>\n\t\t<div class=\"elementor-element elementor-element-c4d93d2 e-con-full e-flex e-con e-child\" data-id=\"c4d93d2\" data-element_type=\"container\" data-e-type=\"container\">\n\t\t\t\t<div class=\"elementor-element elementor-element-7f0add4 elementor-widget elementor-widget-image\" data-id=\"7f0add4\" data-element_type=\"widget\" data-e-type=\"widget\" data-widget_type=\"image.default\">\n\t\t\t\t<div class=\"elementor-widget-container\">\n\t\t\t\t\t\t\t\t\t\t\t\t\t\t\t<img decoding=\"async\" width=\"800\" height=\"417\" src=\"https:\/\/veronicaobrien.be\/wp-content\/uploads\/2024\/11\/cityscape-view-from-st-peters-basilica-cupola-in-vatican-city-e1732699490174-1024x534.jpg\" class=\"attachment-large size-large wp-image-1074\" alt=\"Cityscape view from St Peters basilica cupola in Vatican city\" srcset=\"https:\/\/veronicaobrien.be\/wp-content\/uploads\/2024\/11\/cityscape-view-from-st-peters-basilica-cupola-in-vatican-city-e1732699490174-1024x534.jpg 1024w, https:\/\/veronicaobrien.be\/wp-content\/uploads\/2024\/11\/cityscape-view-from-st-peters-basilica-cupola-in-vatican-city-e1732699490174-300x156.jpg 300w, https:\/\/veronicaobrien.be\/wp-content\/uploads\/2024\/11\/cityscape-view-from-st-peters-basilica-cupola-in-vatican-city-e1732699490174-768x401.jpg 768w, https:\/\/veronicaobrien.be\/wp-content\/uploads\/2024\/11\/cityscape-view-from-st-peters-basilica-cupola-in-vatican-city-e1732699490174-1536x801.jpg 1536w, https:\/\/veronicaobrien.be\/wp-content\/uploads\/2024\/11\/cityscape-view-from-st-peters-basilica-cupola-in-vatican-city-e1732699490174-18x9.jpg 18w, https:\/\/veronicaobrien.be\/wp-content\/uploads\/2024\/11\/cityscape-view-from-st-peters-basilica-cupola-in-vatican-city-e1732699490174.jpg 2000w\" sizes=\"(max-width: 800px) 100vw, 800px\" \/>\t\t\t\t\t\t\t\t\t\t\t\t\t\t\t<\/div>\n\t\t\t\t<\/div>\n\t\t\t\t<div class=\"elementor-element elementor-element-62b397f elementor-widget elementor-widget-text-editor\" data-id=\"62b397f\" data-element_type=\"widget\" data-e-type=\"widget\" data-widget_type=\"text-editor.default\">\n\t\t\t\t<div class=\"elementor-widget-container\">\n\t\t\t\t\t\t\t\t\t<p>Place Saint-Pierre, Rome<\/p>\t\t\t\t\t\t\t\t<\/div>\n\t\t\t\t<\/div>\n\t\t\t\t<\/div>\n\t\t\t\t\t<\/div>\n\t\t\t\t<\/div>\n\t\t\t\t<\/div>\n\t\t","protected":false},"excerpt":{"rendered":"<p>Veronica O\u2019Brien, Servante de Dieu \u00c0 la d\u00e9couverte du proc\u00e8s Une vie donn\u00e9e \u00e0 l&rsquo;annonce de la Bonne Nouvelle Louise-Mary O\u2019Brien na\u00eet \u00e0 Midleton en Irlande le 16 ao\u00fbt 1905 dans une famille nombreuse. Elle ressent son premier appel \u00e0 l\u2019\u00e9vang\u00e9lisation lors de la messe dominicale \u00e0 Ballycotton. Elle \u00e9tudie comme pensionnaire chez les s\u0153urs [&hellip;]<\/p>\n","protected":false},"author":1,"featured_media":0,"parent":0,"menu_order":0,"comment_status":"closed","ping_status":"closed","template":"","meta":{"footnotes":""},"class_list":["post-12","page","type-page","status-publish","hentry"],"_links":{"self":[{"href":"https:\/\/veronicaobrien.be\/nl\/wp-json\/wp\/v2\/pages\/12","targetHints":{"allow":["GET"]}}],"collection":[{"href":"https:\/\/veronicaobrien.be\/nl\/wp-json\/wp\/v2\/pages"}],"about":[{"href":"https:\/\/veronicaobrien.be\/nl\/wp-json\/wp\/v2\/types\/page"}],"author":[{"embeddable":true,"href":"https:\/\/veronicaobrien.be\/nl\/wp-json\/wp\/v2\/users\/1"}],"replies":[{"embeddable":true,"href":"https:\/\/veronicaobrien.be\/nl\/wp-json\/wp\/v2\/comments?post=12"}],"version-history":[{"count":301,"href":"https:\/\/veronicaobrien.be\/nl\/wp-json\/wp\/v2\/pages\/12\/revisions"}],"predecessor-version":[{"id":1983,"href":"https:\/\/veronicaobrien.be\/nl\/wp-json\/wp\/v2\/pages\/12\/revisions\/1983"}],"wp:attachment":[{"href":"https:\/\/veronicaobrien.be\/nl\/wp-json\/wp\/v2\/media?parent=12"}],"curies":[{"name":"wp","href":"https:\/\/api.w.org\/{rel}","templated":true}]}}