{"id":1712,"date":"2025-10-29T09:46:51","date_gmt":"2025-10-29T09:46:51","guid":{"rendered":"https:\/\/veronicaobrien.be\/?page_id=1712"},"modified":"2026-01-30T11:15:40","modified_gmt":"2026-01-30T11:15:40","slug":"priere-pour-la-beatification-de-veronica","status":"publish","type":"page","link":"https:\/\/veronicaobrien.be\/nl\/priere-pour-la-beatification-de-veronica\/","title":{"rendered":"Gebed om de zaligverklaring van Veronica"},"content":{"rendered":"<div data-elementor-type=\"wp-page\" data-elementor-id=\"1712\" class=\"elementor elementor-1712\" data-elementor-post-type=\"page\">\n\t\t\t\t<div class=\"elementor-element elementor-element-7c9f16c e-flex e-con-boxed e-con e-parent\" data-id=\"7c9f16c\" data-element_type=\"container\" data-e-type=\"container\">\n\t\t\t\t\t<div class=\"e-con-inner\">\n\t\t\t\t<div class=\"elementor-element elementor-element-26409b3 elementor-invisible elementor-widget elementor-widget-heading\" data-id=\"26409b3\" data-element_type=\"widget\" data-e-type=\"widget\" data-settings=\"{&quot;_animation&quot;:&quot;fadeInUp&quot;}\" data-widget_type=\"heading.default\">\n\t\t\t\t<div class=\"elementor-widget-container\">\n\t\t\t\t\t<h2 class=\"elementor-heading-title elementor-size-default\">Gebed om de zaligverklaring van Veronica<\/h2>\t\t\t\t<\/div>\n\t\t\t\t<\/div>\n\t\t\t\t\t<\/div>\n\t\t\t\t<\/div>\n\t\t<div class=\"elementor-element elementor-element-347c459 e-flex e-con-boxed e-con e-parent\" data-id=\"347c459\" data-element_type=\"container\" data-e-type=\"container\">\n\t\t\t\t\t<div class=\"e-con-inner\">\n\t\t<div class=\"elementor-element elementor-element-4764b15 e-con-full e-flex e-con e-child\" data-id=\"4764b15\" data-element_type=\"container\" data-e-type=\"container\">\n\t\t\t\t<div class=\"elementor-element elementor-element-e6e38c6 elementor-widget__width-initial elementor-invisible elementor-widget elementor-widget-text-editor\" data-id=\"e6e38c6\" data-element_type=\"widget\" data-e-type=\"widget\" data-settings=\"{&quot;_animation&quot;:&quot;fadeInUp&quot;}\" data-widget_type=\"text-editor.default\">\n\t\t\t\t<div class=\"elementor-widget-container\">\n\t\t\t\t\t\t\t\t\t<p>Vader,<\/p><p>wij danken U <br \/>voor het leven van Veronica O\u2019Brien,<\/p><p>die van kindsbeen af <br \/>gegrepen was door het mysterie van uw liefde.<\/p><p>Geraakt door haar getuigenis,<\/p><p>vragen wij U:<\/p><ul><li>help ons in eenheid met Maria <br \/>te leven en te bidden, \nzodat wij echt ontvankelijk kunnen zijn voor uw Geest,<br \/>liefdevol en stralend van vreugde;<\/li><li>maak van ons mannen en vrouwen,<br \/>die gevoed door de Eucharistie,<br \/>moedig het Evangelie verkondigen,<br \/>in verbondenheid met de herders van uw Kerk.<\/li><\/ul><p>Vader,<\/p><p>wij vragen U <br \/>dat de gaven die U Veronica geschonken hebt <br \/>hun weg vinden in Kerk en wereld.<\/p><p>Verleen door haar voorspraak . . . . . . . .\u00a0<\/p><p>Dit vragen wij U, <br \/>door Jezus Christus, uw Zoon en onze Heer.<\/p><p>Amen.<\/p>\t\t\t\t\t\t\t\t<\/div>\n\t\t\t\t<\/div>\n\t\t\t\t<\/div>\n\t\t<div class=\"elementor-element elementor-element-140a62c e-con-full e-flex e-con e-child\" data-id=\"140a62c\" data-element_type=\"container\" data-e-type=\"container\">\n\t\t\t\t<div class=\"elementor-element elementor-element-75456d0 elementor-skin-carousel elementor-arrows-yes elementor-pagination-type-bullets elementor-pagination-position-outside elementor-widget elementor-widget-media-carousel\" data-id=\"75456d0\" data-element_type=\"widget\" data-e-type=\"widget\" data-settings=\"{&quot;slides_per_view&quot;:&quot;1&quot;,&quot;skin&quot;:&quot;carousel&quot;,&quot;effect&quot;:&quot;slide&quot;,&quot;show_arrows&quot;:&quot;yes&quot;,&quot;pagination&quot;:&quot;bullets&quot;,&quot;speed&quot;:500,&quot;autoplay&quot;:&quot;yes&quot;,&quot;autoplay_speed&quot;:5000,&quot;loop&quot;:&quot;yes&quot;,&quot;pause_on_hover&quot;:&quot;yes&quot;,&quot;pause_on_interaction&quot;:&quot;yes&quot;,&quot;space_between&quot;:{&quot;unit&quot;:&quot;px&quot;,&quot;size&quot;:10,&quot;sizes&quot;:[]},&quot;space_between_tablet&quot;:{&quot;unit&quot;:&quot;px&quot;,&quot;size&quot;:10,&quot;sizes&quot;:[]},&quot;space_between_mobile&quot;:{&quot;unit&quot;:&quot;px&quot;,&quot;size&quot;:10,&quot;sizes&quot;:[]}}\" data-widget_type=\"media-carousel.default\">\n\t\t\t\t<div class=\"elementor-widget-container\">\n\t\t\t\t\t\t\t\t\t<div class=\"elementor-swiper\">\n\t\t\t\t\t<div class=\"elementor-main-swiper swiper\" role=\"region\" aria-roledescription=\"carousel\" aria-label=\"Dia&#039;s\">\n\t\t\t\t<div class=\"swiper-wrapper\">\n\t\t\t\t\t\t\t\t\t\t\t<div class=\"swiper-slide\" role=\"group\" aria-roledescription=\"slide\">\n\t\t\t\t\t\t\t\t\t<div class=\"elementor-carousel-image\" role=\"img\" aria-label=\"Achterzijde van de FIAT medaille.Een volledige catechese in beelden (zie www.associationfiat.com).\" style=\"background-image: url(&#039;https:\/\/veronicaobrien.be\/wp-content\/uploads\/2024\/09\/F8-1-scaled.jpg&#039;)\">\n\n\t\t\t\n\t\t\t\t\t<\/div>\n\t\t\t\t\t\t\t\t<\/div>\n\t\t\t\t\t\t\t\t\t<\/div>\n\t\t\t\t\t\t\t<\/div>\n\t\t\t\t<\/div>\n\t\t\t\t\t\t\t\t<\/div>\n\t\t\t\t<\/div>\n\t\t\t\t<\/div>\n\t\t\t\t\t<\/div>\n\t\t\t\t<\/div>\n\t\t\t\t<section class=\"elementor-section elementor-top-section elementor-element elementor-element-6750cf4 elementor-section-boxed elementor-section-height-default elementor-section-height-default elementor-invisible\" data-id=\"6750cf4\" data-element_type=\"section\" data-e-type=\"section\" data-settings=\"{&quot;background_background&quot;:&quot;classic&quot;,&quot;animation&quot;:&quot;fadeIn&quot;}\">\n\t\t\t\t\t\t<div class=\"elementor-container elementor-column-gap-default\">\n\t\t\t\t\t<div class=\"elementor-column elementor-col-100 elementor-top-column elementor-element elementor-element-7f3544d elementor-invisible\" data-id=\"7f3544d\" data-element_type=\"column\" data-e-type=\"column\" data-settings=\"{&quot;background_background&quot;:&quot;classic&quot;,&quot;animation&quot;:&quot;fadeInUp&quot;,&quot;animation_delay&quot;:300}\">\n\t\t\t<div class=\"elementor-widget-wrap elementor-element-populated\">\n\t\t\t\t\t\t<div class=\"elementor-element elementor-element-06a0543 elementor-widget elementor-widget-text-editor\" data-id=\"06a0543\" data-element_type=\"widget\" data-e-type=\"widget\" data-widget_type=\"text-editor.default\">\n\t\t\t\t<div class=\"elementor-widget-container\">\n\t\t\t\t\t\t\t\t\t<p>Wie op voorspraak van de Dienares van God, Veronica O'Brien, <br \/>genezing of bijzondere gunsten verkregen heeft, <br \/>wordt uitgenodigd dit te melden aan:\u00a0<br \/>de FIAT-Vereniging vzw <br \/>Frederik de Merodestraat, 18<br \/>2800 Mechelen (Belgi\u00eb)<br \/>info@associationfiat.com<\/p><div id=\"ConnectiveDocSignExtentionInstalled\" data-extension-version=\"1.0.4\">\u00a0<\/div>\t\t\t\t\t\t\t\t<\/div>\n\t\t\t\t<\/div>\n\t\t\t\t\t<\/div>\n\t\t<\/div>\n\t\t\t\t\t<\/div>\n\t\t<\/section>\n\t\t\t\t<\/div>","protected":false},"excerpt":{"rendered":"<p>Pri\u00e8re pour la b\u00e9atification de Veronica P\u00e8re, nous te rendons gr\u00e2ce pour la vie de Veronica O\u2019Brien, qui d\u00e8s son enfance a \u00e9t\u00e9 saisie par le myst\u00e8re de ton amour. Touch\u00e9s par son t\u00e9moignage, nous te demandons: aide-nous \u00e0 vivre et \u00e0 prier en union avec Marie, devenant tout accueil \u00e0 ton Esprit,rayonnants de joie [&hellip;]<\/p>\n","protected":false},"author":1,"featured_media":0,"parent":0,"menu_order":0,"comment_status":"closed","ping_status":"closed","template":"elementor_header_footer","meta":{"footnotes":""},"class_list":["post-1712","page","type-page","status-publish","hentry"],"_links":{"self":[{"href":"https:\/\/veronicaobrien.be\/nl\/wp-json\/wp\/v2\/pages\/1712","targetHints":{"allow":["GET"]}}],"collection":[{"href":"https:\/\/veronicaobrien.be\/nl\/wp-json\/wp\/v2\/pages"}],"about":[{"href":"https:\/\/veronicaobrien.be\/nl\/wp-json\/wp\/v2\/types\/page"}],"author":[{"embeddable":true,"href":"https:\/\/veronicaobrien.be\/nl\/wp-json\/wp\/v2\/users\/1"}],"replies":[{"embeddable":true,"href":"https:\/\/veronicaobrien.be\/nl\/wp-json\/wp\/v2\/comments?post=1712"}],"version-history":[{"count":13,"href":"https:\/\/veronicaobrien.be\/nl\/wp-json\/wp\/v2\/pages\/1712\/revisions"}],"predecessor-version":[{"id":2054,"href":"https:\/\/veronicaobrien.be\/nl\/wp-json\/wp\/v2\/pages\/1712\/revisions\/2054"}],"wp:attachment":[{"href":"https:\/\/veronicaobrien.be\/nl\/wp-json\/wp\/v2\/media?parent=1712"}],"curies":[{"name":"wp","href":"https:\/\/api.w.org\/{rel}","templated":true}]}}